{"id":631,"date":"2023-02-27T11:23:13","date_gmt":"2023-02-27T10:23:13","guid":{"rendered":"http:\/\/vnsmachinery.be\/machines\/presses\/presse-a-vis\/"},"modified":"2023-04-30T10:52:30","modified_gmt":"2023-04-30T09:52:30","slug":"presse-a-vis","status":"publish","type":"page","link":"https:\/\/vnsmachinery.be\/fr\/machines\/presses\/presse-a-vis\/","title":{"rendered":"Presse \u00e0 vis"},"content":{"rendered":"<div id=\"cs-content\" class=\"cs-content\"><\/div>\n","protected":false},"excerpt":{"rendered":"<p>Presse \u00e0 visUne presse \u00e0 vis est une presse stationnaire qui compacte les d\u00e9chets dans un conteneur. Les mat\u00e9riaux volumineux sont d\u00e9chiquet\u00e9s et r\u00e9duits en fragments avant d\u2019\u00eatre comprim\u00e9s dans le conteneur. Il existe \u00e9galement des presses \u00e0 vis qui compactent les mat\u00e9riaux en blocs (PSE, PPE, EPE\u2026). D\u2019autres possibilit\u00e9s sont \u00e9galement disponibles : pr\u00e9broyeurs, broyeurs fins, s\u00e9parateurs, silos\u2026contactez-nousUne qualit\u00e9 &#8230; <\/p>\n<div><a href=\"https:\/\/vnsmachinery.be\/fr\/machines\/presses\/presse-a-vis\/\" class=\"more-link\">Read More<\/a><\/div>\n","protected":false},"author":1,"featured_media":0,"parent":621,"menu_order":0,"comment_status":"closed","ping_status":"closed","template":"template-blank-4.php","meta":{"footnotes":""},"class_list":["post-631","page","type-page","status-publish","hentry","no-post-thumbnail"],"_links":{"self":[{"href":"https:\/\/vnsmachinery.be\/fr\/wp-json\/wp\/v2\/pages\/631","targetHints":{"allow":["GET"]}}],"collection":[{"href":"https:\/\/vnsmachinery.be\/fr\/wp-json\/wp\/v2\/pages"}],"about":[{"href":"https:\/\/vnsmachinery.be\/fr\/wp-json\/wp\/v2\/types\/page"}],"author":[{"embeddable":true,"href":"https:\/\/vnsmachinery.be\/fr\/wp-json\/wp\/v2\/users\/1"}],"replies":[{"embeddable":true,"href":"https:\/\/vnsmachinery.be\/fr\/wp-json\/wp\/v2\/comments?post=631"}],"version-history":[{"count":0,"href":"https:\/\/vnsmachinery.be\/fr\/wp-json\/wp\/v2\/pages\/631\/revisions"}],"up":[{"embeddable":true,"href":"https:\/\/vnsmachinery.be\/fr\/wp-json\/wp\/v2\/pages\/621"}],"wp:attachment":[{"href":"https:\/\/vnsmachinery.be\/fr\/wp-json\/wp\/v2\/media?parent=631"}],"curies":[{"name":"wp","href":"https:\/\/api.w.org\/{rel}","templated":true}]}}